{"id":2657,"date":"2021-11-05T17:56:39","date_gmt":"2021-11-05T17:56:39","guid":{"rendered":"https:\/\/huihuicheng.com\/?page_id=2657"},"modified":"2024-03-14T13:30:59","modified_gmt":"2024-03-14T13:30:59","slug":"about-2","status":"publish","type":"page","link":"https:\/\/huihuicheng.com\/index.php\/about-2\/","title":{"rendered":"About"},"content":{"rendered":"\n<div style=\"height:64px\" aria-hidden=\"true\" class=\"wp-block-spacer\"><\/div>\n\n\n\n<div class=\"wp-block-group alignfull\"><div class=\"wp-block-group__inner-container is-layout-flow wp-block-group-is-layout-flow\">\n<div class=\"wp-block-jetpack-layout-grid alignfull column1-desktop-grid__span-1 column1-desktop-grid__row-1 column2-desktop-grid__span-9 column2-desktop-grid__start-4 column2-desktop-grid__row-1 column1-tablet-grid__span-3 column1-tablet-grid__row-1 column2-tablet-grid__span-5 column2-tablet-grid__start-4 column2-tablet-grid__row-1 column1-mobile-grid__span-4 column1-mobile-grid__row-1 column2-mobile-grid__span-4 column2-mobile-grid__row-2 are-vertically-aligned-center\">\n<div class=\"wp-block-jetpack-layout-grid-column wp-block-jetpack-layout-grid__padding-none is-vertically-aligned-center\"><div class=\"wp-block-image is-style-circle-mask\">\n<figure class=\"alignleft size-large is-resized\"><a href=\"https:\/\/huihuihuicheng.files.wordpress.com\/2020\/02\/cropped-screen-shot-2020-02-22-at-8.21.11-pm.png\"><img loading=\"lazy\" decoding=\"async\" width=\"512\" height=\"512\" src=\"https:\/\/huihuihuicheng.files.wordpress.com\/2020\/02\/cropped-screen-shot-2020-02-22-at-8.21.11-pm.png?w=512\" alt=\"\" class=\"wp-image-1825\" style=\"width:152px;height:152px\" srcset=\"https:\/\/huihuicheng.com\/wp-content\/uploads\/2020\/02\/cropped-screen-shot-2020-02-22-at-8.21.11-pm.png 512w, https:\/\/huihuicheng.com\/wp-content\/uploads\/2020\/02\/cropped-screen-shot-2020-02-22-at-8.21.11-pm-300x300.png 300w, https:\/\/huihuicheng.com\/wp-content\/uploads\/2020\/02\/cropped-screen-shot-2020-02-22-at-8.21.11-pm-150x150.png 150w, https:\/\/huihuicheng.com\/wp-content\/uploads\/2020\/02\/cropped-screen-shot-2020-02-22-at-8.21.11-pm-220x220.png 220w\" sizes=\"auto, (max-width: 512px) 100vw, 512px\" \/><\/a><\/figure>\n<\/div><\/div>\n\n\n\n<div class=\"wp-block-jetpack-layout-grid-column wp-block-jetpack-layout-grid__padding-none is-vertically-aligned-center\">\n<p>Huihui Cheng <br>Composer<\/p>\n<\/div>\n<\/div>\n<\/div><\/div>\n\n\n\n<p>Wergo characterized Huihui Cheng\u2019s portrait CD (2015-20) as \u201ca blend of playful, mysterious, and otherworldly sounds,&#8221; reflecting her artistic journey during this period into what she termed &#8220;theatrically extended composition.&#8221; This involved integrating intermedia elements, delving into the visual aspects of music, infusing sound with theatrical depth, thus expanding the expressive possibilities of musical meaning. In many works, she incorporated elements such as costumes, lighting, or unconventional objects and action into her compositional palette, in order to explore alternative performance formats, freeing musicians from traditional constraints. Her performances occasionally embrace installation-based and audience-involved approaches, questioning the interplay of sound, movement, and space. <em>By blurring the boundaries of traditional performance settings, Cheng\u2019s innovations help bridging the gap between art and music, performer and audience.<\/em><\/p>\n\n\n\n<p>Huihui Cheng studied composition with Guoping Jia at the Central Conservatory of Music Beijing, Caspar Johannes Walter, as well as Marco Stroppa and Piet Mayer (electronic music) at the State College of Music and Performing Arts in Stuttgart. In 2015\/16 she attended the IRCAM Composition Cursus in Paris, studying with H\u00e9ctor Parra (composition) and Gr\u00e9goire Lorieux (electronics).&nbsp;<\/p>\n\n\n\n<p>She was a fellow of the Kunststiftung Baden-W\u00fcrttemberg, Schloss Wiepersdorf, K\u00fcnstlerhaus Sch\u00f6ppingen, K\u00fcnstlerhaus Lukas, and SWR studio, Casa Baldi, Camargo Foundation, Royaumont Foundation and GMEM. She attended academies of the SWR Vocal Ensemble and the Akademie Musiktheater Heute.&nbsp;<\/p>\n\n\n\n<p>Her works have been performed at worldweise festivals such as the Beijing Modern Music Festival, Berlin Chinese Culture Festival, Munich Biennale, Tongyeong International Music Festival in Korea, Wien Modern Festival, Darmstadt Ferienkurse, Eclat Festival Stuttgart, Wittener Kammermusik Festival, Klangzeit, Berlin Werkstatt, Rainy days Festival Luxemburg etc.&nbsp;<\/p>\n\n\n\n<p>She won first prize at the International Isang Yun Competition, and with her work \u201cMe Du \u00c7a\u201d, she won the ZKM Giga-Hertz Production Prize in 2016, etc.&nbsp;<\/p>\n\n\n\n<p>During the last two years, she has participated in three distinct musical theaters: Freiburg Theater (Escape-Cerebral\u2019s Rhapsody), Wilhelma Theater Stuttgart (Hans und Gretel), and Wien Musiktheater Tag (Kassandra). She will be writing a 30-minute opera as a part of \u201cNeuen Szene VII\u201d (International Composition Competition hosted by Deutsche Oper Berlin and the Hanns Eisler School of Music Berlin) 2025.<\/p>\n","protected":false},"excerpt":{"rendered":"<p>Huihui Cheng Composer Wergo characterized Huihui Cheng\u2019s portrait CD (2015-20) as \u201ca blend of playful, mysterious, and otherworldly sounds,&#8221; reflecting her artistic journey during this period into what she termed &#8220;theatrically extended composition.&#8221; This involved integrating intermedia elements, delving into the visual aspects of music, infusing sound with theatrical depth, thus expanding the expressive possibilities [&hellip;]<\/p>\n","protected":false},"author":1,"featured_media":0,"parent":0,"menu_order":1,"comment_status":"closed","ping_status":"closed","template":"","meta":{"footnotes":""},"class_list":["post-2657","page","type-page","status-publish","hentry"],"jetpack_sharing_enabled":true,"amp_enabled":true,"_links":{"self":[{"href":"https:\/\/huihuicheng.com\/index.php\/wp-json\/wp\/v2\/pages\/2657","targetHints":{"allow":["GET"]}}],"collection":[{"href":"https:\/\/huihuicheng.com\/index.php\/wp-json\/wp\/v2\/pages"}],"about":[{"href":"https:\/\/huihuicheng.com\/index.php\/wp-json\/wp\/v2\/types\/page"}],"author":[{"embeddable":true,"href":"https:\/\/huihuicheng.com\/index.php\/wp-json\/wp\/v2\/users\/1"}],"replies":[{"embeddable":true,"href":"https:\/\/huihuicheng.com\/index.php\/wp-json\/wp\/v2\/comments?post=2657"}],"version-history":[{"count":1,"href":"https:\/\/huihuicheng.com\/index.php\/wp-json\/wp\/v2\/pages\/2657\/revisions"}],"predecessor-version":[{"id":3080,"href":"https:\/\/huihuicheng.com\/index.php\/wp-json\/wp\/v2\/pages\/2657\/revisions\/3080"}],"wp:attachment":[{"href":"https:\/\/huihuicheng.com\/index.php\/wp-json\/wp\/v2\/media?parent=2657"}],"curies":[{"name":"wp","href":"https:\/\/api.w.org\/{rel}","templated":true}]}}